{"id":57,"date":"2023-05-21T13:53:30","date_gmt":"2023-05-21T13:53:30","guid":{"rendered":"https:\/\/hilarioranera.com\/?page_id=57"},"modified":"2023-05-21T13:53:30","modified_gmt":"2023-05-21T13:53:30","slug":"escultura","status":"publish","type":"page","link":"https:\/\/hilarioranera.com\/index.php\/escultura\/","title":{"rendered":"Escultura"},"content":{"rendered":"","protected":false},"excerpt":{"rendered":"","protected":false},"author":1,"featured_media":0,"parent":0,"menu_order":0,"comment_status":"closed","ping_status":"closed","template":"","meta":{"_et_pb_use_builder":"","_et_pb_old_content":"","_et_gb_content_width":"","_joinchat":[],"footnotes":""},"class_list":["post-57","page","type-page","status-publish","hentry"],"yoast_head":"<!-- This site is optimized with the Yoast SEO plugin v27.4 - https:\/\/yoast.com\/product\/yoast-seo-wordpress\/ -->\n<title>Escultura - Hilario Ranera<\/title>\n<meta name=\"robots\" content=\"index, follow, max-snippet:-1, max-image-preview:large, max-video-preview:-1\" \/>\n<link rel=\"canonical\" href=\"https:\/\/hilarioranera.com\/index.php\/escultura\/\" \/>\n<meta property=\"og:locale\" content=\"es_ES\" \/>\n<meta property=\"og:type\" content=\"article\" \/>\n<meta property=\"og:title\" content=\"Escultura - Hilario Ranera\" \/>\n<meta property=\"og:url\" content=\"https:\/\/hilarioranera.com\/index.php\/escultura\/\" \/>\n<meta property=\"og:site_name\" content=\"Hilario Ranera\" \/>\n<meta property=\"article:publisher\" content=\"https:\/\/www.facebook.com\/hraneragarciaconde\/?locale=es_ES\" \/>\n<meta property=\"og:image\" content=\"https:\/\/hilarioranera.com\/wp-content\/uploads\/2023\/05\/logo_hilario.jpg\" \/>\n\t<meta property=\"og:image:width\" content=\"300\" \/>\n\t<meta property=\"og:image:height\" content=\"120\" \/>\n\t<meta property=\"og:image:type\" content=\"image\/jpeg\" \/>\n<meta name=\"twitter:card\" content=\"summary_large_image\" \/>\n<meta name=\"twitter:site\" content=\"@hranera\" \/>\n<script type=\"application\/ld+json\" class=\"yoast-schema-graph\">{\"@context\":\"https:\\\/\\\/schema.org\",\"@graph\":[{\"@type\":\"WebPage\",\"@id\":\"https:\\\/\\\/hilarioranera.com\\\/index.php\\\/escultura\\\/\",\"url\":\"https:\\\/\\\/hilarioranera.com\\\/index.php\\\/escultura\\\/\",\"name\":\"Escultura - Hilario Ranera\",\"isPartOf\":{\"@id\":\"https:\\\/\\\/hilarioranera.com\\\/#website\"},\"datePublished\":\"2023-05-21T13:53:30+00:00\",\"breadcrumb\":{\"@id\":\"https:\\\/\\\/hilarioranera.com\\\/index.php\\\/escultura\\\/#breadcrumb\"},\"inLanguage\":\"es\",\"potentialAction\":[{\"@type\":\"ReadAction\",\"target\":[\"https:\\\/\\\/hilarioranera.com\\\/index.php\\\/escultura\\\/\"]}]},{\"@type\":\"BreadcrumbList\",\"@id\":\"https:\\\/\\\/hilarioranera.com\\\/index.php\\\/escultura\\\/#breadcrumb\",\"itemListElement\":[{\"@type\":\"ListItem\",\"position\":1,\"name\":\"Portada\",\"item\":\"https:\\\/\\\/hilarioranera.com\\\/\"},{\"@type\":\"ListItem\",\"position\":2,\"name\":\"Escultura\"}]},{\"@type\":\"WebSite\",\"@id\":\"https:\\\/\\\/hilarioranera.com\\\/#website\",\"url\":\"https:\\\/\\\/hilarioranera.com\\\/\",\"name\":\"Hilario Ranera\",\"description\":\"Explora un universo creativo \u00fanico a trav\u00e9s de mi arte multidisciplinario. Emociones y colores se entrelazan para inspirarte en un viaje art\u00edstico que trasciende las fronteras culturales. \u00a1Bienvenido a mi mundo de creatividad y conexi\u00f3n!&quot;\",\"publisher\":{\"@id\":\"https:\\\/\\\/hilarioranera.com\\\/#\\\/schema\\\/person\\\/0b0b34482f0574b29723dff9358e78ea\"},\"potentialAction\":[{\"@type\":\"SearchAction\",\"target\":{\"@type\":\"EntryPoint\",\"urlTemplate\":\"https:\\\/\\\/hilarioranera.com\\\/?s={search_term_string}\"},\"query-input\":{\"@type\":\"PropertyValueSpecification\",\"valueRequired\":true,\"valueName\":\"search_term_string\"}}],\"inLanguage\":\"es\"},{\"@type\":[\"Person\",\"Organization\"],\"@id\":\"https:\\\/\\\/hilarioranera.com\\\/#\\\/schema\\\/person\\\/0b0b34482f0574b29723dff9358e78ea\",\"name\":\"admin\",\"image\":{\"@type\":\"ImageObject\",\"inLanguage\":\"es\",\"@id\":\"https:\\\/\\\/hilarioranera.com\\\/wp-content\\\/uploads\\\/2023\\\/05\\\/logo_hilario.jpg\",\"url\":\"https:\\\/\\\/hilarioranera.com\\\/wp-content\\\/uploads\\\/2023\\\/05\\\/logo_hilario.jpg\",\"contentUrl\":\"https:\\\/\\\/hilarioranera.com\\\/wp-content\\\/uploads\\\/2023\\\/05\\\/logo_hilario.jpg\",\"width\":300,\"height\":120,\"caption\":\"admin\"},\"logo\":{\"@id\":\"https:\\\/\\\/hilarioranera.com\\\/wp-content\\\/uploads\\\/2023\\\/05\\\/logo_hilario.jpg\"},\"description\":\"Soy un artista autodidacta y multidisciplinar, mi visi\u00f3n del arte es una evoluci\u00f3n constante. A trav\u00e9s de la pintura, la fotograf\u00eda digital, la escultura y la obra gr\u00e1fica, exploro la creatividad como el fundamento de mis obras, buscando expresar emociones, ideas y perspectivas de una manera \u00fanica y cautivadora. En mi viaje art\u00edstico, experiment\u00f3 con diferentes formas, t\u00e9cnicas y medios para despertar la imaginaci\u00f3n y provocar una conexi\u00f3n con el espectador. Mi objetivo es divulgar im\u00e1genes por internet, creando un lenguaje m\u00e1s universal a trav\u00e9s de las redes sociales. Creo firmemente que el arte tiene el poder de unirnos a nivel profundo, superando las diferencias culturales. Mis obras reflejan c\u00f3mo percibimos la realidad seg\u00fan nuestro estado de \u00e1nimo, inspiradas por la naturaleza. Observa c\u00f3mo los colores pueden transformar nuestra percepci\u00f3n del mundo, especialmente durante mis paseos por el campo y la playa. Capturo esos momentos m\u00e1gicos en los que el mundo exterior se fusiona con nuestros sentimientos internos, creando una nueva interpretaci\u00f3n de la realidad. Espero que disfruten de esta experiencia art\u00edstica y que juntos podamos explorar c\u00f3mo el arte puede ser un puente entre diferentes culturas y emociones, construyendo un mundo m\u00e1s conectado a trav\u00e9s de la creatividad.\",\"sameAs\":[\"https:\\\/\\\/hilarioranera.com\",\"https:\\\/\\\/www.facebook.com\\\/hraneragarciaconde\\\/?locale=es_ES\",\"https:\\\/\\\/www.instagram.com\\\/hilarioraneragarciaconde\\\/\",\"https:\\\/\\\/www.linkedin.com\\\/in\\\/hilario-ranera-garca-conde-08361a1b\\\/?originalSubdomain=es\",\"https:\\\/\\\/x.com\\\/https:\\\/\\\/twitter.com\\\/hranera\"]}]}<\/script>\n<!-- \/ Yoast SEO plugin. -->","yoast_head_json":{"title":"Escultura - Hilario Ranera","robots":{"index":"index","follow":"follow","max-snippet":"max-snippet:-1","max-image-preview":"max-image-preview:large","max-video-preview":"max-video-preview:-1"},"canonical":"https:\/\/hilarioranera.com\/index.php\/escultura\/","og_locale":"es_ES","og_type":"article","og_title":"Escultura - Hilario Ranera","og_url":"https:\/\/hilarioranera.com\/index.php\/escultura\/","og_site_name":"Hilario Ranera","article_publisher":"https:\/\/www.facebook.com\/hraneragarciaconde\/?locale=es_ES","og_image":[{"width":300,"height":120,"url":"https:\/\/hilarioranera.com\/wp-content\/uploads\/2023\/05\/logo_hilario.jpg","type":"image\/jpeg"}],"twitter_card":"summary_large_image","twitter_site":"@hranera","schema":{"@context":"https:\/\/schema.org","@graph":[{"@type":"WebPage","@id":"https:\/\/hilarioranera.com\/index.php\/escultura\/","url":"https:\/\/hilarioranera.com\/index.php\/escultura\/","name":"Escultura - Hilario Ranera","isPartOf":{"@id":"https:\/\/hilarioranera.com\/#website"},"datePublished":"2023-05-21T13:53:30+00:00","breadcrumb":{"@id":"https:\/\/hilarioranera.com\/index.php\/escultura\/#breadcrumb"},"inLanguage":"es","potentialAction":[{"@type":"ReadAction","target":["https:\/\/hilarioranera.com\/index.php\/escultura\/"]}]},{"@type":"BreadcrumbList","@id":"https:\/\/hilarioranera.com\/index.php\/escultura\/#breadcrumb","itemListElement":[{"@type":"ListItem","position":1,"name":"Portada","item":"https:\/\/hilarioranera.com\/"},{"@type":"ListItem","position":2,"name":"Escultura"}]},{"@type":"WebSite","@id":"https:\/\/hilarioranera.com\/#website","url":"https:\/\/hilarioranera.com\/","name":"Hilario Ranera","description":"Explora un universo creativo \u00fanico a trav\u00e9s de mi arte multidisciplinario. Emociones y colores se entrelazan para inspirarte en un viaje art\u00edstico que trasciende las fronteras culturales. \u00a1Bienvenido a mi mundo de creatividad y conexi\u00f3n!&quot;","publisher":{"@id":"https:\/\/hilarioranera.com\/#\/schema\/person\/0b0b34482f0574b29723dff9358e78ea"},"potentialAction":[{"@type":"SearchAction","target":{"@type":"EntryPoint","urlTemplate":"https:\/\/hilarioranera.com\/?s={search_term_string}"},"query-input":{"@type":"PropertyValueSpecification","valueRequired":true,"valueName":"search_term_string"}}],"inLanguage":"es"},{"@type":["Person","Organization"],"@id":"https:\/\/hilarioranera.com\/#\/schema\/person\/0b0b34482f0574b29723dff9358e78ea","name":"admin","image":{"@type":"ImageObject","inLanguage":"es","@id":"https:\/\/hilarioranera.com\/wp-content\/uploads\/2023\/05\/logo_hilario.jpg","url":"https:\/\/hilarioranera.com\/wp-content\/uploads\/2023\/05\/logo_hilario.jpg","contentUrl":"https:\/\/hilarioranera.com\/wp-content\/uploads\/2023\/05\/logo_hilario.jpg","width":300,"height":120,"caption":"admin"},"logo":{"@id":"https:\/\/hilarioranera.com\/wp-content\/uploads\/2023\/05\/logo_hilario.jpg"},"description":"Soy un artista autodidacta y multidisciplinar, mi visi\u00f3n del arte es una evoluci\u00f3n constante. A trav\u00e9s de la pintura, la fotograf\u00eda digital, la escultura y la obra gr\u00e1fica, exploro la creatividad como el fundamento de mis obras, buscando expresar emociones, ideas y perspectivas de una manera \u00fanica y cautivadora. En mi viaje art\u00edstico, experiment\u00f3 con diferentes formas, t\u00e9cnicas y medios para despertar la imaginaci\u00f3n y provocar una conexi\u00f3n con el espectador. Mi objetivo es divulgar im\u00e1genes por internet, creando un lenguaje m\u00e1s universal a trav\u00e9s de las redes sociales. Creo firmemente que el arte tiene el poder de unirnos a nivel profundo, superando las diferencias culturales. Mis obras reflejan c\u00f3mo percibimos la realidad seg\u00fan nuestro estado de \u00e1nimo, inspiradas por la naturaleza. Observa c\u00f3mo los colores pueden transformar nuestra percepci\u00f3n del mundo, especialmente durante mis paseos por el campo y la playa. Capturo esos momentos m\u00e1gicos en los que el mundo exterior se fusiona con nuestros sentimientos internos, creando una nueva interpretaci\u00f3n de la realidad. Espero que disfruten de esta experiencia art\u00edstica y que juntos podamos explorar c\u00f3mo el arte puede ser un puente entre diferentes culturas y emociones, construyendo un mundo m\u00e1s conectado a trav\u00e9s de la creatividad.","sameAs":["https:\/\/hilarioranera.com","https:\/\/www.facebook.com\/hraneragarciaconde\/?locale=es_ES","https:\/\/www.instagram.com\/hilarioraneragarciaconde\/","https:\/\/www.linkedin.com\/in\/hilario-ranera-garca-conde-08361a1b\/?originalSubdomain=es","https:\/\/x.com\/https:\/\/twitter.com\/hranera"]}]}},"_links":{"self":[{"href":"https:\/\/hilarioranera.com\/index.php\/wp-json\/wp\/v2\/pages\/57","targetHints":{"allow":["GET"]}}],"collection":[{"href":"https:\/\/hilarioranera.com\/index.php\/wp-json\/wp\/v2\/pages"}],"about":[{"href":"https:\/\/hilarioranera.com\/index.php\/wp-json\/wp\/v2\/types\/page"}],"author":[{"embeddable":true,"href":"https:\/\/hilarioranera.com\/index.php\/wp-json\/wp\/v2\/users\/1"}],"replies":[{"embeddable":true,"href":"https:\/\/hilarioranera.com\/index.php\/wp-json\/wp\/v2\/comments?post=57"}],"version-history":[{"count":1,"href":"https:\/\/hilarioranera.com\/index.php\/wp-json\/wp\/v2\/pages\/57\/revisions"}],"predecessor-version":[{"id":58,"href":"https:\/\/hilarioranera.com\/index.php\/wp-json\/wp\/v2\/pages\/57\/revisions\/58"}],"wp:attachment":[{"href":"https:\/\/hilarioranera.com\/index.php\/wp-json\/wp\/v2\/media?parent=57"}],"curies":[{"name":"wp","href":"https:\/\/api.w.org\/{rel}","templated":true}]}}