{"id":69,"date":"2023-05-21T13:54:56","date_gmt":"2023-05-21T13:54:56","guid":{"rendered":"https:\/\/hilarioranera.com\/?page_id=69"},"modified":"2023-07-28T16:38:54","modified_gmt":"2023-07-28T16:38:54","slug":"contacto","status":"publish","type":"page","link":"https:\/\/hilarioranera.com\/index.php\/contacto\/","title":{"rendered":"Contacto"},"content":{"rendered":"<p>[et_pb_section fb_built=\u00bb1&#8243; admin_label=\u00bbHeader\u00bb _builder_version=\u00bb4.16&#8243; background_image=\u00bbhttps:\/\/hilarioranera.com\/wp-content\/uploads\/2023\/05\/art-gallery-55.jpg\u00bb background_size=\u00bbinitial\u00bb background_repeat=\u00bbrepeat\u00bb custom_padding=\u00bb||0px|||\u00bb global_colors_info=\u00bb{}\u00bb][et_pb_row _builder_version=\u00bb4.16&#8243; use_custom_width=\u00bbon\u00bb width_unit=\u00bboff\u00bb custom_width_percent=\u00bb100%\u00bb locked=\u00bboff\u00bb global_colors_info=\u00bb{}\u00bb][et_pb_column type=\u00bb4_4&#8243; _builder_version=\u00bb4.16&#8243; custom_padding=\u00bb|||\u00bb global_colors_info=\u00bb{}\u00bb custom_padding__hover=\u00bb|||\u00bb][et_pb_text _builder_version=\u00bb4.21.0&#8243; text_font=\u00bb||||||||\u00bb header_3_font=\u00bbPrata||||||||\u00bb header_3_text_align=\u00bbleft\u00bb header_3_font_size=\u00bb40px\u00bb header_3_line_height=\u00bb1.3em\u00bb transform_translate_linked=\u00bboff\u00bb max_width=\u00bb100%\u00bb max_width_tablet=\u00bb70%\u00bb max_width_last_edited=\u00bboff|phone\u00bb header_3_font_size_tablet=\u00bb40px\u00bb header_3_font_size_phone=\u00bb35px\u00bb header_3_font_size_last_edited=\u00bbon|phone\u00bb global_colors_info=\u00bb{}\u00bb]<\/p>\n<h3>Cont\u00e1ctanos<\/h3>\n<p>[\/et_pb_text][\/et_pb_column][\/et_pb_row][\/et_pb_section][et_pb_section fb_built=\u00bb1&#8243; admin_label=\u00bbEmail\u00bb _builder_version=\u00bb4.16&#8243; background_image=\u00bbhttps:\/\/hilarioranera.com\/wp-content\/uploads\/2023\/05\/art-gallery-55.jpg\u00bb background_size=\u00bbinitial\u00bb background_repeat=\u00bbrepeat\u00bb locked=\u00bboff\u00bb global_colors_info=\u00bb{}\u00bb custom_padding=\u00bb3px|||||\u00bb][et_pb_row column_structure=\u00bb1_2,1_2&#8243; _builder_version=\u00bb4.16&#8243; global_colors_info=\u00bb{}\u00bb][et_pb_column type=\u00bb1_2&#8243; _builder_version=\u00bb4.16&#8243; custom_padding=\u00bb|||\u00bb global_colors_info=\u00bb{}\u00bb custom_padding__hover=\u00bb|||\u00bb][et_pb_contact_form captcha=\u00bboff\u00bb _builder_version=\u00bb4.21.0&#8243; form_field_background_color=\u00bb#f3f3f4&#8243; title_font=\u00bb||||||||\u00bb form_field_font=\u00bbOpen Sans||||||||\u00bb custom_button=\u00bbon\u00bb button_text_size=\u00bb12px\u00bb button_text_color=\u00bb#ffffff\u00bb button_bg_color=\u00bb#000000&#8243; button_border_width=\u00bb14px\u00bb button_border_color=\u00bbrgba(0,0,0,0)\u00bb button_border_radius=\u00bb0px\u00bb button_letter_spacing=\u00bb3px\u00bb button_font=\u00bbRoboto|700||on|||||\u00bb hover_enabled=\u00bb0&#8243; form_background_color=\u00bb#f9fafc\u00bb global_colors_info=\u00bb{}\u00bb button_text_color__hover=\u00bb#ffffff\u00bb button_text_color__hover_enabled=\u00bbon\u00bb button_bg_color__hover=\u00bb#ff7a6b\u00bb email=\u00bbhranera@hotmail.com\u00bb custom_message=\u00bbLLega desde el formulario de CONTACTO:\u00bb sticky_enabled=\u00bb0&#8243;][et_pb_contact_field field_id=\u00bbName\u00bb field_title=\u00bbNombre\u00bb fullwidth_field=\u00bbon\u00bb _builder_version=\u00bb4.21.0&#8243; global_colors_info=\u00bb{}\u00bb button_text_size__hover_enabled=\u00bboff\u00bb button_one_text_size__hover_enabled=\u00bboff\u00bb button_two_text_size__hover_enabled=\u00bboff\u00bb button_text_color__hover_enabled=\u00bboff\u00bb button_one_text_color__hover_enabled=\u00bboff\u00bb button_two_text_color__hover_enabled=\u00bboff\u00bb button_border_width__hover_enabled=\u00bboff\u00bb button_one_border_width__hover_enabled=\u00bboff\u00bb button_two_border_width__hover_enabled=\u00bboff\u00bb button_border_color__hover_enabled=\u00bboff\u00bb button_one_border_color__hover_enabled=\u00bboff\u00bb button_two_border_color__hover_enabled=\u00bboff\u00bb button_border_radius__hover_enabled=\u00bboff\u00bb button_one_border_radius__hover_enabled=\u00bboff\u00bb button_two_border_radius__hover_enabled=\u00bboff\u00bb button_letter_spacing__hover_enabled=\u00bboff\u00bb button_one_letter_spacing__hover_enabled=\u00bboff\u00bb button_two_letter_spacing__hover_enabled=\u00bboff\u00bb button_bg_color__hover_enabled=\u00bboff\u00bb button_one_bg_color__hover_enabled=\u00bboff\u00bb button_two_bg_color__hover_enabled=\u00bboff\u00bb][\/et_pb_contact_field][et_pb_contact_field field_id=\u00bbEmail\u00bb field_title=\u00bbEmail\u00bb field_type=\u00bbemail\u00bb fullwidth_field=\u00bbon\u00bb _builder_version=\u00bb4.21.0&#8243; global_colors_info=\u00bb{}\u00bb button_text_size__hover_enabled=\u00bboff\u00bb button_one_text_size__hover_enabled=\u00bboff\u00bb button_two_text_size__hover_enabled=\u00bboff\u00bb button_text_color__hover_enabled=\u00bboff\u00bb button_one_text_color__hover_enabled=\u00bboff\u00bb button_two_text_color__hover_enabled=\u00bboff\u00bb button_border_width__hover_enabled=\u00bboff\u00bb button_one_border_width__hover_enabled=\u00bboff\u00bb button_two_border_width__hover_enabled=\u00bboff\u00bb button_border_color__hover_enabled=\u00bboff\u00bb button_one_border_color__hover_enabled=\u00bboff\u00bb button_two_border_color__hover_enabled=\u00bboff\u00bb button_border_radius__hover_enabled=\u00bboff\u00bb button_one_border_radius__hover_enabled=\u00bboff\u00bb button_two_border_radius__hover_enabled=\u00bboff\u00bb button_letter_spacing__hover_enabled=\u00bboff\u00bb button_one_letter_spacing__hover_enabled=\u00bboff\u00bb button_two_letter_spacing__hover_enabled=\u00bboff\u00bb button_bg_color__hover_enabled=\u00bboff\u00bb button_one_bg_color__hover_enabled=\u00bboff\u00bb button_two_bg_color__hover_enabled=\u00bboff\u00bb][\/et_pb_contact_field][et_pb_contact_field field_id=\u00bbMessage\u00bb field_title=\u00bbMensaje\u00bb field_type=\u00bbtext\u00bb fullwidth_field=\u00bbon\u00bb _builder_version=\u00bb4.21.0&#8243; global_colors_info=\u00bb{}\u00bb button_text_size__hover_enabled=\u00bboff\u00bb button_one_text_size__hover_enabled=\u00bboff\u00bb button_two_text_size__hover_enabled=\u00bboff\u00bb button_text_color__hover_enabled=\u00bboff\u00bb button_one_text_color__hover_enabled=\u00bboff\u00bb button_two_text_color__hover_enabled=\u00bboff\u00bb button_border_width__hover_enabled=\u00bboff\u00bb button_one_border_width__hover_enabled=\u00bboff\u00bb button_two_border_width__hover_enabled=\u00bboff\u00bb button_border_color__hover_enabled=\u00bboff\u00bb button_one_border_color__hover_enabled=\u00bboff\u00bb button_two_border_color__hover_enabled=\u00bboff\u00bb button_border_radius__hover_enabled=\u00bboff\u00bb button_one_border_radius__hover_enabled=\u00bboff\u00bb button_two_border_radius__hover_enabled=\u00bboff\u00bb button_letter_spacing__hover_enabled=\u00bboff\u00bb button_one_letter_spacing__hover_enabled=\u00bboff\u00bb button_two_letter_spacing__hover_enabled=\u00bboff\u00bb button_bg_color__hover_enabled=\u00bboff\u00bb button_one_bg_color__hover_enabled=\u00bboff\u00bb button_two_bg_color__hover_enabled=\u00bboff\u00bb][\/et_pb_contact_field][\/et_pb_contact_form][\/et_pb_column][et_pb_column type=\u00bb1_2&#8243; _builder_version=\u00bb4.16&#8243; custom_padding=\u00bb|||\u00bb global_colors_info=\u00bb{}\u00bb custom_padding__hover=\u00bb|||\u00bb][et_pb_image src=\u00bbhttps:\/\/hilarioranera.com\/wp-content\/uploads\/2023\/07\/PIXEL-98.jpg\u00bb title_text=\u00bbPIXEL 98&#8243; _builder_version=\u00bb4.21.0&#8243; _module_preset=\u00bbdefault\u00bb hover_enabled=\u00bb0&#8243; global_colors_info=\u00bb{}\u00bb custom_margin=\u00bb-20px||||false|false\u00bb sticky_enabled=\u00bb0&#8243;][\/et_pb_image][\/et_pb_column][\/et_pb_row][\/et_pb_section]<\/p>\n","protected":false},"excerpt":{"rendered":"<p>Cont\u00e1ctanos<\/p>\n","protected":false},"author":1,"featured_media":0,"parent":0,"menu_order":0,"comment_status":"closed","ping_status":"closed","template":"","meta":{"_et_pb_use_builder":"on","_et_pb_old_content":"<!-- wp:divi\/placeholder \/-->","_et_gb_content_width":"","_joinchat":[],"footnotes":""},"class_list":["post-69","page","type-page","status-publish","hentry"],"yoast_head":"<!-- This site is optimized with the Yoast SEO plugin v27.4 - https:\/\/yoast.com\/product\/yoast-seo-wordpress\/ -->\n<title>Contacto - Hilario Ranera<\/title>\n<meta name=\"robots\" content=\"index, follow, max-snippet:-1, max-image-preview:large, max-video-preview:-1\" \/>\n<link rel=\"canonical\" href=\"https:\/\/hilarioranera.com\/index.php\/contacto\/\" \/>\n<meta property=\"og:locale\" content=\"es_ES\" \/>\n<meta property=\"og:type\" content=\"article\" \/>\n<meta property=\"og:title\" content=\"Contacto - Hilario Ranera\" \/>\n<meta property=\"og:description\" content=\"Cont\u00e1ctanos\" \/>\n<meta property=\"og:url\" content=\"https:\/\/hilarioranera.com\/index.php\/contacto\/\" \/>\n<meta property=\"og:site_name\" content=\"Hilario Ranera\" \/>\n<meta property=\"article:publisher\" content=\"https:\/\/www.facebook.com\/hraneragarciaconde\/?locale=es_ES\" \/>\n<meta property=\"article:modified_time\" content=\"2023-07-28T16:38:54+00:00\" \/>\n<meta property=\"og:image\" content=\"https:\/\/hilarioranera.com\/wp-content\/uploads\/2023\/05\/logo_hilario.jpg\" \/>\n\t<meta property=\"og:image:width\" content=\"300\" \/>\n\t<meta property=\"og:image:height\" content=\"120\" \/>\n\t<meta property=\"og:image:type\" content=\"image\/jpeg\" \/>\n<meta name=\"twitter:card\" content=\"summary_large_image\" \/>\n<meta name=\"twitter:site\" content=\"@hranera\" \/>\n<meta name=\"twitter:label1\" content=\"Tiempo de lectura\" \/>\n\t<meta name=\"twitter:data1\" content=\"4 minutos\" \/>\n<script type=\"application\/ld+json\" class=\"yoast-schema-graph\">{\"@context\":\"https:\\\/\\\/schema.org\",\"@graph\":[{\"@type\":\"WebPage\",\"@id\":\"https:\\\/\\\/hilarioranera.com\\\/index.php\\\/contacto\\\/\",\"url\":\"https:\\\/\\\/hilarioranera.com\\\/index.php\\\/contacto\\\/\",\"name\":\"Contacto - Hilario Ranera\",\"isPartOf\":{\"@id\":\"https:\\\/\\\/hilarioranera.com\\\/#website\"},\"datePublished\":\"2023-05-21T13:54:56+00:00\",\"dateModified\":\"2023-07-28T16:38:54+00:00\",\"breadcrumb\":{\"@id\":\"https:\\\/\\\/hilarioranera.com\\\/index.php\\\/contacto\\\/#breadcrumb\"},\"inLanguage\":\"es\",\"potentialAction\":[{\"@type\":\"ReadAction\",\"target\":[\"https:\\\/\\\/hilarioranera.com\\\/index.php\\\/contacto\\\/\"]}]},{\"@type\":\"BreadcrumbList\",\"@id\":\"https:\\\/\\\/hilarioranera.com\\\/index.php\\\/contacto\\\/#breadcrumb\",\"itemListElement\":[{\"@type\":\"ListItem\",\"position\":1,\"name\":\"Portada\",\"item\":\"https:\\\/\\\/hilarioranera.com\\\/\"},{\"@type\":\"ListItem\",\"position\":2,\"name\":\"Contacto\"}]},{\"@type\":\"WebSite\",\"@id\":\"https:\\\/\\\/hilarioranera.com\\\/#website\",\"url\":\"https:\\\/\\\/hilarioranera.com\\\/\",\"name\":\"Hilario Ranera\",\"description\":\"Explora un universo creativo \u00fanico a trav\u00e9s de mi arte multidisciplinario. Emociones y colores se entrelazan para inspirarte en un viaje art\u00edstico que trasciende las fronteras culturales. \u00a1Bienvenido a mi mundo de creatividad y conexi\u00f3n!&quot;\",\"publisher\":{\"@id\":\"https:\\\/\\\/hilarioranera.com\\\/#\\\/schema\\\/person\\\/0b0b34482f0574b29723dff9358e78ea\"},\"potentialAction\":[{\"@type\":\"SearchAction\",\"target\":{\"@type\":\"EntryPoint\",\"urlTemplate\":\"https:\\\/\\\/hilarioranera.com\\\/?s={search_term_string}\"},\"query-input\":{\"@type\":\"PropertyValueSpecification\",\"valueRequired\":true,\"valueName\":\"search_term_string\"}}],\"inLanguage\":\"es\"},{\"@type\":[\"Person\",\"Organization\"],\"@id\":\"https:\\\/\\\/hilarioranera.com\\\/#\\\/schema\\\/person\\\/0b0b34482f0574b29723dff9358e78ea\",\"name\":\"admin\",\"image\":{\"@type\":\"ImageObject\",\"inLanguage\":\"es\",\"@id\":\"https:\\\/\\\/hilarioranera.com\\\/wp-content\\\/uploads\\\/2023\\\/05\\\/logo_hilario.jpg\",\"url\":\"https:\\\/\\\/hilarioranera.com\\\/wp-content\\\/uploads\\\/2023\\\/05\\\/logo_hilario.jpg\",\"contentUrl\":\"https:\\\/\\\/hilarioranera.com\\\/wp-content\\\/uploads\\\/2023\\\/05\\\/logo_hilario.jpg\",\"width\":300,\"height\":120,\"caption\":\"admin\"},\"logo\":{\"@id\":\"https:\\\/\\\/hilarioranera.com\\\/wp-content\\\/uploads\\\/2023\\\/05\\\/logo_hilario.jpg\"},\"description\":\"Soy un artista autodidacta y multidisciplinar, mi visi\u00f3n del arte es una evoluci\u00f3n constante. A trav\u00e9s de la pintura, la fotograf\u00eda digital, la escultura y la obra gr\u00e1fica, exploro la creatividad como el fundamento de mis obras, buscando expresar emociones, ideas y perspectivas de una manera \u00fanica y cautivadora. En mi viaje art\u00edstico, experiment\u00f3 con diferentes formas, t\u00e9cnicas y medios para despertar la imaginaci\u00f3n y provocar una conexi\u00f3n con el espectador. Mi objetivo es divulgar im\u00e1genes por internet, creando un lenguaje m\u00e1s universal a trav\u00e9s de las redes sociales. Creo firmemente que el arte tiene el poder de unirnos a nivel profundo, superando las diferencias culturales. Mis obras reflejan c\u00f3mo percibimos la realidad seg\u00fan nuestro estado de \u00e1nimo, inspiradas por la naturaleza. Observa c\u00f3mo los colores pueden transformar nuestra percepci\u00f3n del mundo, especialmente durante mis paseos por el campo y la playa. Capturo esos momentos m\u00e1gicos en los que el mundo exterior se fusiona con nuestros sentimientos internos, creando una nueva interpretaci\u00f3n de la realidad. Espero que disfruten de esta experiencia art\u00edstica y que juntos podamos explorar c\u00f3mo el arte puede ser un puente entre diferentes culturas y emociones, construyendo un mundo m\u00e1s conectado a trav\u00e9s de la creatividad.\",\"sameAs\":[\"https:\\\/\\\/hilarioranera.com\",\"https:\\\/\\\/www.facebook.com\\\/hraneragarciaconde\\\/?locale=es_ES\",\"https:\\\/\\\/www.instagram.com\\\/hilarioraneragarciaconde\\\/\",\"https:\\\/\\\/www.linkedin.com\\\/in\\\/hilario-ranera-garca-conde-08361a1b\\\/?originalSubdomain=es\",\"https:\\\/\\\/x.com\\\/https:\\\/\\\/twitter.com\\\/hranera\"]}]}<\/script>\n<!-- \/ Yoast SEO plugin. -->","yoast_head_json":{"title":"Contacto - Hilario Ranera","robots":{"index":"index","follow":"follow","max-snippet":"max-snippet:-1","max-image-preview":"max-image-preview:large","max-video-preview":"max-video-preview:-1"},"canonical":"https:\/\/hilarioranera.com\/index.php\/contacto\/","og_locale":"es_ES","og_type":"article","og_title":"Contacto - Hilario Ranera","og_description":"Cont\u00e1ctanos","og_url":"https:\/\/hilarioranera.com\/index.php\/contacto\/","og_site_name":"Hilario Ranera","article_publisher":"https:\/\/www.facebook.com\/hraneragarciaconde\/?locale=es_ES","article_modified_time":"2023-07-28T16:38:54+00:00","og_image":[{"width":300,"height":120,"url":"https:\/\/hilarioranera.com\/wp-content\/uploads\/2023\/05\/logo_hilario.jpg","type":"image\/jpeg"}],"twitter_card":"summary_large_image","twitter_site":"@hranera","twitter_misc":{"Tiempo de lectura":"4 minutos"},"schema":{"@context":"https:\/\/schema.org","@graph":[{"@type":"WebPage","@id":"https:\/\/hilarioranera.com\/index.php\/contacto\/","url":"https:\/\/hilarioranera.com\/index.php\/contacto\/","name":"Contacto - Hilario Ranera","isPartOf":{"@id":"https:\/\/hilarioranera.com\/#website"},"datePublished":"2023-05-21T13:54:56+00:00","dateModified":"2023-07-28T16:38:54+00:00","breadcrumb":{"@id":"https:\/\/hilarioranera.com\/index.php\/contacto\/#breadcrumb"},"inLanguage":"es","potentialAction":[{"@type":"ReadAction","target":["https:\/\/hilarioranera.com\/index.php\/contacto\/"]}]},{"@type":"BreadcrumbList","@id":"https:\/\/hilarioranera.com\/index.php\/contacto\/#breadcrumb","itemListElement":[{"@type":"ListItem","position":1,"name":"Portada","item":"https:\/\/hilarioranera.com\/"},{"@type":"ListItem","position":2,"name":"Contacto"}]},{"@type":"WebSite","@id":"https:\/\/hilarioranera.com\/#website","url":"https:\/\/hilarioranera.com\/","name":"Hilario Ranera","description":"Explora un universo creativo \u00fanico a trav\u00e9s de mi arte multidisciplinario. Emociones y colores se entrelazan para inspirarte en un viaje art\u00edstico que trasciende las fronteras culturales. \u00a1Bienvenido a mi mundo de creatividad y conexi\u00f3n!&quot;","publisher":{"@id":"https:\/\/hilarioranera.com\/#\/schema\/person\/0b0b34482f0574b29723dff9358e78ea"},"potentialAction":[{"@type":"SearchAction","target":{"@type":"EntryPoint","urlTemplate":"https:\/\/hilarioranera.com\/?s={search_term_string}"},"query-input":{"@type":"PropertyValueSpecification","valueRequired":true,"valueName":"search_term_string"}}],"inLanguage":"es"},{"@type":["Person","Organization"],"@id":"https:\/\/hilarioranera.com\/#\/schema\/person\/0b0b34482f0574b29723dff9358e78ea","name":"admin","image":{"@type":"ImageObject","inLanguage":"es","@id":"https:\/\/hilarioranera.com\/wp-content\/uploads\/2023\/05\/logo_hilario.jpg","url":"https:\/\/hilarioranera.com\/wp-content\/uploads\/2023\/05\/logo_hilario.jpg","contentUrl":"https:\/\/hilarioranera.com\/wp-content\/uploads\/2023\/05\/logo_hilario.jpg","width":300,"height":120,"caption":"admin"},"logo":{"@id":"https:\/\/hilarioranera.com\/wp-content\/uploads\/2023\/05\/logo_hilario.jpg"},"description":"Soy un artista autodidacta y multidisciplinar, mi visi\u00f3n del arte es una evoluci\u00f3n constante. A trav\u00e9s de la pintura, la fotograf\u00eda digital, la escultura y la obra gr\u00e1fica, exploro la creatividad como el fundamento de mis obras, buscando expresar emociones, ideas y perspectivas de una manera \u00fanica y cautivadora. En mi viaje art\u00edstico, experiment\u00f3 con diferentes formas, t\u00e9cnicas y medios para despertar la imaginaci\u00f3n y provocar una conexi\u00f3n con el espectador. Mi objetivo es divulgar im\u00e1genes por internet, creando un lenguaje m\u00e1s universal a trav\u00e9s de las redes sociales. Creo firmemente que el arte tiene el poder de unirnos a nivel profundo, superando las diferencias culturales. Mis obras reflejan c\u00f3mo percibimos la realidad seg\u00fan nuestro estado de \u00e1nimo, inspiradas por la naturaleza. Observa c\u00f3mo los colores pueden transformar nuestra percepci\u00f3n del mundo, especialmente durante mis paseos por el campo y la playa. Capturo esos momentos m\u00e1gicos en los que el mundo exterior se fusiona con nuestros sentimientos internos, creando una nueva interpretaci\u00f3n de la realidad. Espero que disfruten de esta experiencia art\u00edstica y que juntos podamos explorar c\u00f3mo el arte puede ser un puente entre diferentes culturas y emociones, construyendo un mundo m\u00e1s conectado a trav\u00e9s de la creatividad.","sameAs":["https:\/\/hilarioranera.com","https:\/\/www.facebook.com\/hraneragarciaconde\/?locale=es_ES","https:\/\/www.instagram.com\/hilarioraneragarciaconde\/","https:\/\/www.linkedin.com\/in\/hilario-ranera-garca-conde-08361a1b\/?originalSubdomain=es","https:\/\/x.com\/https:\/\/twitter.com\/hranera"]}]}},"_links":{"self":[{"href":"https:\/\/hilarioranera.com\/index.php\/wp-json\/wp\/v2\/pages\/69","targetHints":{"allow":["GET"]}}],"collection":[{"href":"https:\/\/hilarioranera.com\/index.php\/wp-json\/wp\/v2\/pages"}],"about":[{"href":"https:\/\/hilarioranera.com\/index.php\/wp-json\/wp\/v2\/types\/page"}],"author":[{"embeddable":true,"href":"https:\/\/hilarioranera.com\/index.php\/wp-json\/wp\/v2\/users\/1"}],"replies":[{"embeddable":true,"href":"https:\/\/hilarioranera.com\/index.php\/wp-json\/wp\/v2\/comments?post=69"}],"version-history":[{"count":13,"href":"https:\/\/hilarioranera.com\/index.php\/wp-json\/wp\/v2\/pages\/69\/revisions"}],"predecessor-version":[{"id":1405,"href":"https:\/\/hilarioranera.com\/index.php\/wp-json\/wp\/v2\/pages\/69\/revisions\/1405"}],"wp:attachment":[{"href":"https:\/\/hilarioranera.com\/index.php\/wp-json\/wp\/v2\/media?parent=69"}],"curies":[{"name":"wp","href":"https:\/\/api.w.org\/{rel}","templated":true}]}}